{"id":100,"date":"2015-06-30T14:20:19","date_gmt":"2015-06-30T12:20:19","guid":{"rendered":"http:\/\/wydrza-przystan.pl\/?page_id=100"},"modified":"2021-12-10T12:22:22","modified_gmt":"2021-12-10T11:22:22","slug":"cennik","status":"publish","type":"page","link":"https:\/\/wydrza-przystan.pl\/index.php\/cennik\/","title":{"rendered":"Cennik"},"content":{"rendered":"<p>Cena jednej doby za apartament 4 osoby \u2013 320<strong>\u00a0PLN<\/strong><\/p>\n<p>-3 osoby 250 PLN<\/p>\n<p>-2 osoby 200 PLN<\/p>\n<p>-1 osoba 120 PLN<\/p>\n<p>Wszystkie ceny oczywi\u015bcie negocjujemy, w zale\u017cno\u015bci od dni pobytu i ilo\u015bci os\u00f3b\u00a0&#8211; mo\u017cliwo\u015b\u0107 dostawki \u00a0w apartamencie.<\/p>\n<p>Proponujemy tak\u017ce ca\u0142odzienne wy\u017cywienie &#8211;\u00a0cena do ustalenia na miejscu.<\/p>\n<p>ZAPRASZAMY!!!<\/p>\n<p>UWAGA!<\/p>\n<p>Od dnia 1.01.2020 rok Gmina wprowadzi\u0142a op\u0142at\u0119 miejscow\u0105\u00a0 2 pln od osoby za dzie\u0144 pobytu.<\/p>\n<p>Poleca nas portal noclegowy <a href=\"https:\/\/meteor-turystyka.pl\" data-cke-saved-href=\"https:\/\/meteor-turystyka.pl\">Meteor<\/a>, kt\u00f3ry przyzna\u0142 nam certyfikat &#8222;Gwarancja Satysfakcji&#8221;.<\/p>\n","protected":false},"excerpt":{"rendered":"<p>Cena jednej doby za apartament 4 osoby \u2013 320\u00a0PLN -3 osoby 250 PLN -2 osoby 200 PLN -1 osoba 120 PLN Wszystkie ceny oczywi\u015bcie negocjujemy, w zale\u017cno\u015bci od dni pobytu i ilo\u015bci os\u00f3b\u00a0&#8211; mo\u017cliwo\u015b\u0107 dostawki \u00a0w apartamencie. Proponujemy tak\u017ce ca\u0142odzienne wy\u017cywienie &#8211;\u00a0cena do ustalenia na miejscu. ZAPRASZAMY!!! UWAGA! Od dnia 1.01.2020 rok Gmina wprowadzi\u0142a op\u0142at\u0119 miejscow\u0105\u00a0 2 pln od osoby [&hellip;]<\/p>\n","protected":false},"author":1,"featured_media":0,"parent":0,"menu_order":0,"comment_status":"closed","ping_status":"closed","template":"","meta":{"footnotes":""},"class_list":["post-100","page","type-page","status-publish","hentry"],"_links":{"self":[{"href":"https:\/\/wydrza-przystan.pl\/index.php\/wp-json\/wp\/v2\/pages\/100","targetHints":{"allow":["GET"]}}],"collection":[{"href":"https:\/\/wydrza-przystan.pl\/index.php\/wp-json\/wp\/v2\/pages"}],"about":[{"href":"https:\/\/wydrza-przystan.pl\/index.php\/wp-json\/wp\/v2\/types\/page"}],"author":[{"embeddable":true,"href":"https:\/\/wydrza-przystan.pl\/index.php\/wp-json\/wp\/v2\/users\/1"}],"replies":[{"embeddable":true,"href":"https:\/\/wydrza-przystan.pl\/index.php\/wp-json\/wp\/v2\/comments?post=100"}],"version-history":[{"count":31,"href":"https:\/\/wydrza-przystan.pl\/index.php\/wp-json\/wp\/v2\/pages\/100\/revisions"}],"predecessor-version":[{"id":508,"href":"https:\/\/wydrza-przystan.pl\/index.php\/wp-json\/wp\/v2\/pages\/100\/revisions\/508"}],"wp:attachment":[{"href":"https:\/\/wydrza-przystan.pl\/index.php\/wp-json\/wp\/v2\/media?parent=100"}],"curies":[{"name":"wp","href":"https:\/\/api.w.org\/{rel}","templated":true}]}}